{"id":386,"date":"2017-03-08T12:24:13","date_gmt":"2017-03-08T11:24:13","guid":{"rendered":"https:\/\/ewac.orgo.ee\/?page_id=386"},"modified":"2025-11-06T12:38:29","modified_gmt":"2025-11-06T11:38:29","slug":"over-ons","status":"publish","type":"page","link":"https:\/\/ewac.orgo.ee\/nl\/over-ons\/","title":{"rendered":"Over ons"},"content":{"rendered":"<h4>Wereldmarktleider Hydrotherapie<\/h4>\n<p>Onze hoogwaardige <span style=\"text-decoration: underline;\"><a href=\"https:\/\/www.ewacmedical.nl\/producten\" target=\"_blank\" rel=\"noopener\">hydrotherapieproducten<\/a><\/span>, ge\u00efnstalleerd in meer dan 1.000 <strong>ziekenhuizen<\/strong> en <strong>instellingen<\/strong> over de hele wereld, hebben EWAC Medical tot wereldmarktleider gemaakt vanaf de jaren negentig.<\/p>\n<p>Het geheim van ons succes?\u00a0EWAC Medical ondersteunt het gehele proces van begin tot eind.\u00a0Wij dragen zorg voor complete projecten, wij voeren zelf de engineering uit, de inkoop, de fabricage en de installatie. EWAC Medical doet alles in eigen huis. Wij leveren een actieve bijdrage aan het verkrijgen en verspreiden van kennis over Hydrotherapie.<\/p>\n<h4>Ervaring<\/h4>\n<p><a href=\"https:\/\/www.ewacmedical.nl\/ervaring\/\" target=\"_blank\" rel=\"noopener\"><img loading=\"lazy\" decoding=\"async\" class=\"alignnone wp-image-21389 size-large\" src=\"https:\/\/ewac.orgo.ee\/wp-content\/uploads\/2021\/12\/Experience-e1640274626449-1024x192.png\" alt=\"\" width=\"1024\" height=\"192\" srcset=\"https:\/\/ewac.orgo.ee\/wp-content\/uploads\/2021\/12\/Experience-e1640274626449-1024x192.png 1024w, https:\/\/ewac.orgo.ee\/wp-content\/uploads\/2021\/12\/Experience-e1640274626449-300x56.png 300w, https:\/\/ewac.orgo.ee\/wp-content\/uploads\/2021\/12\/Experience-e1640274626449-768x144.png 768w, https:\/\/ewac.orgo.ee\/wp-content\/uploads\/2021\/12\/Experience-e1640274626449-20x4.png 20w, https:\/\/ewac.orgo.ee\/wp-content\/uploads\/2021\/12\/Experience-e1640274626449.png 1100w\" sizes=\"auto, (max-width: 1024px) 100vw, 1024px\" \/><\/a><\/p>\n<p><span style=\"text-decoration: underline;\"><a href=\"https:\/\/www.ewacmedical.nl\/ervaring\/\" target=\"_blank\" rel=\"noopener\">Bekijk de projecten die wij wereldwijd hebben uitgevoerd.<\/a><\/span><\/p>\n<h4>Laatste niews<\/h4>\n<p>Voor het laatste nieuws over recente onderzoeksresultaten, nieuw ge\u00efnstalleerde projecten, of cursussen over hydrotherapie:<\/p>\n<table style=\"border-collapse: collapse; width: 100%;\">\n<tbody>\n<tr>\n<td style=\"width: 100%; background-color: #ed6607; height: 50px; text-align: center;\"><span style=\"font-size: 18pt;\"><strong><a href=\"https:\/\/www.ewacmedical.nl\/blog\/\" target=\"_blank\" rel=\"noopener\"><span style=\"color: #ffffff;\">Bezoek onze blog pagina<\/span><\/a><\/strong><\/span><\/td>\n<\/tr>\n<\/tbody>\n<\/table>\n<h4><\/h4>\n<h4>40% reductie van de revalidatietijd<\/h4>\n<p>Hoe kan dit worden bereikt? Het antwoord is door toepassing van Hydrotherapie in plaats van de gebruikelijke revalidatietechnieken. In de meeste gevallen kunnen pati\u00ebnten vrijwel direct na een operatie of blessure beginnen met deze revalidatiemethode. Hydrotherapie heeft zijn medische waarde steeds weer opnieuw bewezen.<\/p>\n<h4>Hoe onze producten het verschil maken<\/h4>\n<p>EWAC Medical producten zijn:<br \/>\n&#8211; goed ontworpen<br \/>\n&#8211; ergonomisch<br \/>\n&#8211; gebruiksvriendelijk<br \/>\n&#8211; zeer veilig<\/p>\n<p>Wij ontwerpen producten voor het welzijn van pati\u00ebnten, met het belang van de therapeut in gedachte. Onze producten maken het verschil door pati\u00ebnten te helpen om hen weer mobiel en self-supporting te maken. Hierdoor neemt het zelfvertrouwen van de pati\u00ebnt snel toe. Onze producten voldoen aan de Europese regels en eisen (CE markering).<\/p>\n<p>Zie onze <span style=\"text-decoration: underline;\"><a title=\"Producten\" href=\"https:\/\/www.ewacmedical.nl\/producten\/\">productenpagina<\/a> <\/span>voor een overzicht van al onze producten.<\/p>\n<h4>Kwaliteitssysteem<\/h4>\n<p>EWAC streeft een hoog niveau kwaliteitszorg na, minimaal overeenkomstig met de eisen en wensen van de klant. Om dit hoge niveau van kwaliteitszorg te borgen, laten wij ons kwaliteitssysteem periodiek toetsen door een onafhankelijke externe partij.<\/p>\n<p>Voor het ontwerpen en vervaardigen van producten voor de machine- en apparatenbouw is EWAC Industrial gecertificeerd volgens ISO 9001:2015. Voor het produceren van Klasse I Medische Apparatuur is EWAC gecertificeerd volgens ISO 13485:2016, door Lloyd&#8217;s Register Quality Assurance Nederland (LRQA).<\/p>\n<table>\n<tbody>\n<tr>\n<td><span style=\"text-decoration: underline;\"><a href=\"https:\/\/www.ewacmedical.nl\/wp-content\/uploads\/2022\/12\/0021278-QMS-ENGUS-RVA-2.pdf\" target=\"_blank\" rel=\"noopener\">EWAC ISO 9001:2015 EN till 20-12-2025<\/a><\/span><\/td>\n<td><img loading=\"lazy\" decoding=\"async\" class=\"alignleft wp-image-170310 size-thumbnail\" src=\"https:\/\/www.ewac.nl\/wp-content\/uploads\/2022\/12\/ISO-9001-RGB-150x150.jpg\" alt=\"\" width=\"150\" height=\"150\" \/><\/td>\n<\/tr>\n<tr>\n<td><span style=\"text-decoration: underline;\"><a href=\"https:\/\/www.ewacmedical.nl\/wp-content\/uploads\/2022\/12\/0021279-13485-ENGUS-UKAS-3.pdf\" target=\"_blank\" rel=\"noopener\">EWAC ISO 13485:2016 EN till 20-12-2025<\/a><\/span><\/td>\n<td><img loading=\"lazy\" decoding=\"async\" class=\"alignleft wp-image-170312 size-thumbnail\" src=\"https:\/\/www.ewac.nl\/wp-content\/uploads\/2022\/12\/ISO-13485-RGB-150x150.jpg\" alt=\"\" width=\"150\" height=\"150\" \/><\/p>\n<p>&nbsp;<\/td>\n<\/tr>\n<\/tbody>\n<\/table>\n<p>&nbsp;<\/p>\n","protected":false},"excerpt":{"rendered":"<p>Wereldmarktleider Hydrotherapie Onze hoogwaardige hydrotherapieproducten, ge\u00efnstalleerd in meer dan 1.000 ziekenhuizen en instellingen over de hele wereld, hebben EWAC Medical tot wereldmarktleider gemaakt vanaf de jaren negentig. Het geheim van ons succes?\u00a0EWAC Medical ondersteunt het gehele proces van begin tot eind.\u00a0Wij dragen zorg voor complete projecten, wij voeren zelf de engineering uit, de inkoop, de &hellip; <a href=\"https:\/\/ewac.orgo.ee\/nl\/over-ons\/\">Continued<\/a><\/p>\n","protected":false},"author":58,"featured_media":561925,"parent":0,"menu_order":2,"comment_status":"closed","ping_status":"closed","template":"template-about.php","meta":{"_acf_changed":false,"footnotes":""},"class_list":["post-386","page","type-page","status-publish","has-post-thumbnail","hentry"],"acf":[],"yoast_head":"<!-- This site is optimized with the Yoast SEO plugin v25.5 - https:\/\/yoast.com\/wordpress\/plugins\/seo\/ -->\n<title>Over EWAC Medical | Wereldmarktleider Hydrotherapie uitrusting.<\/title>\n<meta name=\"description\" content=\"EWAC Medical is wereldmarktleider in Hydrotherapie uitrusting voor de medische sector. Onze klanten zijn \u2713zorginstellingen \u2713ziekenhuizen \u2713klinieken\" \/>\n<meta name=\"robots\" content=\"noindex, follow, max-snippet:-1, max-image-preview:large, max-video-preview:-1\" \/>\n<meta property=\"og:locale\" content=\"nl_NL\" \/>\n<meta property=\"og:type\" content=\"article\" \/>\n<meta property=\"og:title\" content=\"Over EWAC Medical | Wereldmarktleider Hydrotherapie uitrusting.\" \/>\n<meta property=\"og:description\" content=\"EWAC Medical is wereldmarktleider in Hydrotherapie uitrusting voor de medische sector. Onze klanten zijn \u2713zorginstellingen \u2713ziekenhuizen \u2713klinieken\" \/>\n<meta property=\"og:url\" content=\"https:\/\/ewac.orgo.ee\/nl\/over-ons\/\" \/>\n<meta property=\"og:site_name\" content=\"EWAC Medical\" \/>\n<meta property=\"article:modified_time\" content=\"2025-11-06T11:38:29+00:00\" \/>\n<meta property=\"og:image\" content=\"https:\/\/www.ewac.nl\/wp-content\/uploads\/2025\/02\/Arab-Health-2025-MPC-Diner-1.jpg\" \/>\n\t<meta property=\"og:image:width\" content=\"1600\" \/>\n\t<meta property=\"og:image:height\" content=\"1066\" \/>\n\t<meta property=\"og:image:type\" content=\"image\/jpeg\" \/>\n<meta name=\"twitter:card\" content=\"summary_large_image\" \/>\n<meta name=\"twitter:label1\" content=\"Geschatte leestijd\" \/>\n\t<meta name=\"twitter:data1\" content=\"3 minuten\" \/>\n<script type=\"application\/ld+json\" class=\"yoast-schema-graph\">{\"@context\":\"https:\/\/schema.org\",\"@graph\":[{\"@type\":\"WebPage\",\"@id\":\"https:\/\/ewac.orgo.ee\/nl\/over-ons\/\",\"url\":\"https:\/\/ewac.orgo.ee\/nl\/over-ons\/\",\"name\":\"Over EWAC Medical | Wereldmarktleider Hydrotherapie uitrusting.\",\"isPartOf\":{\"@id\":\"https:\/\/ewac.orgo.ee\/nl\/#website\"},\"primaryImageOfPage\":{\"@id\":\"https:\/\/ewac.orgo.ee\/nl\/over-ons\/#primaryimage\"},\"image\":{\"@id\":\"https:\/\/ewac.orgo.ee\/nl\/over-ons\/#primaryimage\"},\"thumbnailUrl\":\"https:\/\/ewac.orgo.ee\/wp-content\/uploads\/2025\/02\/Arab-Health-2025-MPC-Diner-1.jpg\",\"datePublished\":\"2017-03-08T11:24:13+00:00\",\"dateModified\":\"2025-11-06T11:38:29+00:00\",\"description\":\"EWAC Medical is wereldmarktleider in Hydrotherapie uitrusting voor de medische sector. Onze klanten zijn \u2713zorginstellingen \u2713ziekenhuizen \u2713klinieken\",\"breadcrumb\":{\"@id\":\"https:\/\/ewac.orgo.ee\/nl\/over-ons\/#breadcrumb\"},\"inLanguage\":\"nl-NL\",\"potentialAction\":[{\"@type\":\"ReadAction\",\"target\":[\"https:\/\/ewac.orgo.ee\/nl\/over-ons\/\"]}]},{\"@type\":\"ImageObject\",\"inLanguage\":\"nl-NL\",\"@id\":\"https:\/\/ewac.orgo.ee\/nl\/over-ons\/#primaryimage\",\"url\":\"https:\/\/ewac.orgo.ee\/wp-content\/uploads\/2025\/02\/Arab-Health-2025-MPC-Diner-1.jpg\",\"contentUrl\":\"https:\/\/ewac.orgo.ee\/wp-content\/uploads\/2025\/02\/Arab-Health-2025-MPC-Diner-1.jpg\",\"width\":1600,\"height\":1066},{\"@type\":\"BreadcrumbList\",\"@id\":\"https:\/\/ewac.orgo.ee\/nl\/over-ons\/#breadcrumb\",\"itemListElement\":[{\"@type\":\"ListItem\",\"position\":1,\"name\":\"Home\",\"item\":\"https:\/\/ewac.orgo.ee\/nl\/\"},{\"@type\":\"ListItem\",\"position\":2,\"name\":\"Over ons\"}]},{\"@type\":\"WebSite\",\"@id\":\"https:\/\/ewac.orgo.ee\/nl\/#website\",\"url\":\"https:\/\/ewac.orgo.ee\/nl\/\",\"name\":\"EWAC Medical\",\"description\":\"World leader in aquatic therapy equipment\",\"potentialAction\":[{\"@type\":\"SearchAction\",\"target\":{\"@type\":\"EntryPoint\",\"urlTemplate\":\"https:\/\/ewac.orgo.ee\/nl\/?s={search_term_string}\"},\"query-input\":{\"@type\":\"PropertyValueSpecification\",\"valueRequired\":true,\"valueName\":\"search_term_string\"}}],\"inLanguage\":\"nl-NL\"}]}<\/script>\n<!-- \/ Yoast SEO plugin. -->","yoast_head_json":{"title":"Over EWAC Medical | Wereldmarktleider Hydrotherapie uitrusting.","description":"EWAC Medical is wereldmarktleider in Hydrotherapie uitrusting voor de medische sector. Onze klanten zijn \u2713zorginstellingen \u2713ziekenhuizen \u2713klinieken","robots":{"index":"noindex","follow":"follow","max-snippet":"max-snippet:-1","max-image-preview":"max-image-preview:large","max-video-preview":"max-video-preview:-1"},"og_locale":"nl_NL","og_type":"article","og_title":"Over EWAC Medical | Wereldmarktleider Hydrotherapie uitrusting.","og_description":"EWAC Medical is wereldmarktleider in Hydrotherapie uitrusting voor de medische sector. Onze klanten zijn \u2713zorginstellingen \u2713ziekenhuizen \u2713klinieken","og_url":"https:\/\/ewac.orgo.ee\/nl\/over-ons\/","og_site_name":"EWAC Medical","article_modified_time":"2025-11-06T11:38:29+00:00","og_image":[{"width":1600,"height":1066,"url":"https:\/\/www.ewac.nl\/wp-content\/uploads\/2025\/02\/Arab-Health-2025-MPC-Diner-1.jpg","type":"image\/jpeg"}],"twitter_card":"summary_large_image","twitter_misc":{"Geschatte leestijd":"3 minuten"},"schema":{"@context":"https:\/\/schema.org","@graph":[{"@type":"WebPage","@id":"https:\/\/ewac.orgo.ee\/nl\/over-ons\/","url":"https:\/\/ewac.orgo.ee\/nl\/over-ons\/","name":"Over EWAC Medical | Wereldmarktleider Hydrotherapie uitrusting.","isPartOf":{"@id":"https:\/\/ewac.orgo.ee\/nl\/#website"},"primaryImageOfPage":{"@id":"https:\/\/ewac.orgo.ee\/nl\/over-ons\/#primaryimage"},"image":{"@id":"https:\/\/ewac.orgo.ee\/nl\/over-ons\/#primaryimage"},"thumbnailUrl":"https:\/\/ewac.orgo.ee\/wp-content\/uploads\/2025\/02\/Arab-Health-2025-MPC-Diner-1.jpg","datePublished":"2017-03-08T11:24:13+00:00","dateModified":"2025-11-06T11:38:29+00:00","description":"EWAC Medical is wereldmarktleider in Hydrotherapie uitrusting voor de medische sector. Onze klanten zijn \u2713zorginstellingen \u2713ziekenhuizen \u2713klinieken","breadcrumb":{"@id":"https:\/\/ewac.orgo.ee\/nl\/over-ons\/#breadcrumb"},"inLanguage":"nl-NL","potentialAction":[{"@type":"ReadAction","target":["https:\/\/ewac.orgo.ee\/nl\/over-ons\/"]}]},{"@type":"ImageObject","inLanguage":"nl-NL","@id":"https:\/\/ewac.orgo.ee\/nl\/over-ons\/#primaryimage","url":"https:\/\/ewac.orgo.ee\/wp-content\/uploads\/2025\/02\/Arab-Health-2025-MPC-Diner-1.jpg","contentUrl":"https:\/\/ewac.orgo.ee\/wp-content\/uploads\/2025\/02\/Arab-Health-2025-MPC-Diner-1.jpg","width":1600,"height":1066},{"@type":"BreadcrumbList","@id":"https:\/\/ewac.orgo.ee\/nl\/over-ons\/#breadcrumb","itemListElement":[{"@type":"ListItem","position":1,"name":"Home","item":"https:\/\/ewac.orgo.ee\/nl\/"},{"@type":"ListItem","position":2,"name":"Over ons"}]},{"@type":"WebSite","@id":"https:\/\/ewac.orgo.ee\/nl\/#website","url":"https:\/\/ewac.orgo.ee\/nl\/","name":"EWAC Medical","description":"World leader in aquatic therapy equipment","potentialAction":[{"@type":"SearchAction","target":{"@type":"EntryPoint","urlTemplate":"https:\/\/ewac.orgo.ee\/nl\/?s={search_term_string}"},"query-input":{"@type":"PropertyValueSpecification","valueRequired":true,"valueName":"search_term_string"}}],"inLanguage":"nl-NL"}]}},"_links":{"self":[{"href":"https:\/\/ewac.orgo.ee\/nl\/wp-json\/wp\/v2\/pages\/386","targetHints":{"allow":["GET"]}}],"collection":[{"href":"https:\/\/ewac.orgo.ee\/nl\/wp-json\/wp\/v2\/pages"}],"about":[{"href":"https:\/\/ewac.orgo.ee\/nl\/wp-json\/wp\/v2\/types\/page"}],"author":[{"embeddable":true,"href":"https:\/\/ewac.orgo.ee\/nl\/wp-json\/wp\/v2\/users\/58"}],"replies":[{"embeddable":true,"href":"https:\/\/ewac.orgo.ee\/nl\/wp-json\/wp\/v2\/comments?post=386"}],"version-history":[{"count":5,"href":"https:\/\/ewac.orgo.ee\/nl\/wp-json\/wp\/v2\/pages\/386\/revisions"}],"predecessor-version":[{"id":567839,"href":"https:\/\/ewac.orgo.ee\/nl\/wp-json\/wp\/v2\/pages\/386\/revisions\/567839"}],"wp:featuredmedia":[{"embeddable":true,"href":"https:\/\/ewac.orgo.ee\/nl\/wp-json\/wp\/v2\/media\/561925"}],"wp:attachment":[{"href":"https:\/\/ewac.orgo.ee\/nl\/wp-json\/wp\/v2\/media?parent=386"}],"curies":[{"name":"wp","href":"https:\/\/api.w.org\/{rel}","templated":true}]}}